{"id":269,"date":"2024-05-21T14:17:49","date_gmt":"2024-05-21T14:17:49","guid":{"rendered":"https:\/\/www.mallarach.cat\/?page_id=269"},"modified":"2024-05-22T07:33:56","modified_gmt":"2024-05-22T07:33:56","slug":"conferencies","status":"publish","type":"page","link":"https:\/\/www.mallarach.cat\/index.php\/conferencies\/","title":{"rendered":"CONFER\u00c8NCIES EN L\u00cdNIA"},"content":{"rendered":"\n<div class=\"wp-block-query is-layout-flow wp-block-query-is-layout-flow\"><ul class=\"wp-block-post-template is-layout-flow wp-block-post-template-is-layout-flow\"><li class=\"wp-block-post post-1829 post type-post status-publish format-standard hentry category-articles-internacionals category-publicacions tag-espais-naturals-protegits tag-pobles-indigenes tag-politiques-ambientals\">\n\n\n<div class=\"wp-block-post-date\"><time datetime=\"2026-03-27T12:01:56+00:00\">mar\u00e7 27, 2026<\/time><\/div>\n\n<h2 class=\"has-link-color wp-elements-eb49a63f13acdf7ff1f79f46e72ddc41 wp-block-post-title has-text-color has-orange-color\"><a href=\"https:\/\/www.mallarach.cat\/index.php\/2026\/03\/27\/parques-nacionales-versus-reservas-indigenas-en-los-estados-unidos-de-america-un-modelo-en-cuestion-2\/\" target=\"_self\" >Parques nacionales versus reservas ind\u00edgenas en los Estados Unidos de Am\u00e9rica: Un modelo en cuesti\u00f3n<\/a><\/h2>\n<\/li><li class=\"wp-block-post post-1827 post type-post status-publish format-standard hentry category-articles-internacionals category-publicacions tag-conservacio-de-la-natura tag-ecologia tag-pobles-indigenes\">\n\n\n<div class=\"wp-block-post-date\"><time datetime=\"2026-03-27T11:57:03+00:00\">mar\u00e7 27, 2026<\/time><\/div>\n\n<h2 class=\"has-link-color wp-elements-eb49a63f13acdf7ff1f79f46e72ddc41 wp-block-post-title has-text-color has-orange-color\"><a href=\"https:\/\/www.mallarach.cat\/index.php\/2026\/03\/27\/les-reserves-indies-als-estats-units-damerica-entre-la-vergonya-i-lesperanca\/\" target=\"_self\" >Les reserves \u00edndies als Estats Units d&#8217;Am\u00e8rica: entre la vergonya i l&#8217;esperan\u00e7a<\/a><\/h2>\n<\/li><li class=\"wp-block-post post-1820 post type-post status-publish format-standard has-post-thumbnail hentry category-actes-publics tag-conservacio-de-la-natura tag-paisatge tag-politiques-ambientals\">\n<figure class=\"wp-block-post-featured-image wp-duotone-ff8737-ff8737-3\"><a href=\"https:\/\/www.mallarach.cat\/index.php\/2026\/03\/13\/conservar-la-salut-i-la-bellesa-dels-paisatges-de-muntanya-mitjana-reptes-i-oportunitats\/\" target=\"_self\"  ><img fetchpriority=\"high\" decoding=\"async\" width=\"970\" height=\"606\" src=\"https:\/\/www.mallarach.cat\/wp-content\/uploads\/2026\/03\/Masia-vallfogona-ripolles_Pagina_01-scaled-970x606-1.jpg\" class=\"attachment-post-thumbnail size-post-thumbnail wp-post-image\" alt=\"Conservar la salut i la bellesa dels paisatges de muntanya mitjana: reptes i oportunitats\" style=\"object-fit:cover;\" srcset=\"https:\/\/www.mallarach.cat\/wp-content\/uploads\/2026\/03\/Masia-vallfogona-ripolles_Pagina_01-scaled-970x606-1.jpg 970w, https:\/\/www.mallarach.cat\/wp-content\/uploads\/2026\/03\/Masia-vallfogona-ripolles_Pagina_01-scaled-970x606-1-300x187.jpg 300w, https:\/\/www.mallarach.cat\/wp-content\/uploads\/2026\/03\/Masia-vallfogona-ripolles_Pagina_01-scaled-970x606-1-768x480.jpg 768w\" sizes=\"(max-width: 970px) 100vw, 970px\" \/><\/a><\/figure>\n\n<div class=\"wp-block-post-date\"><time datetime=\"2026-03-13T17:12:26+00:00\">mar\u00e7 13, 2026<\/time><\/div>\n\n<h2 class=\"has-link-color wp-elements-eb49a63f13acdf7ff1f79f46e72ddc41 wp-block-post-title has-text-color has-orange-color\"><a href=\"https:\/\/www.mallarach.cat\/index.php\/2026\/03\/13\/conservar-la-salut-i-la-bellesa-dels-paisatges-de-muntanya-mitjana-reptes-i-oportunitats\/\" target=\"_self\" >Conservar la salut i la bellesa dels paisatges de muntanya mitjana: reptes i oportunitats<\/a><\/h2>\n<\/li><\/ul>\n\n<nav class=\"wp-block-query-pagination is-layout-flex wp-block-query-pagination-is-layout-flex\" aria-label=\"Paginaci\u00f3\">\n\n\n<div class=\"wp-block-query-pagination-numbers\"><span aria-current=\"page\" class=\"page-numbers current\">1<\/span>\n<a class=\"page-numbers\" href=\"?query-0-page=2\">2<\/a>\n<a class=\"page-numbers\" href=\"?query-0-page=3\">3<\/a>\n<span class=\"page-numbers dots\">&hellip;<\/span>\n<a class=\"page-numbers\" href=\"?query-0-page=108\">108<\/a><\/div>\n\n<a href=\"\/index.php\/wp-json\/wp\/v2\/pages\/269?query-0-page=2\" class=\"wp-block-query-pagination-next\">P\u00e0gina seg\u00fcent<\/a>\n<\/nav>\n\n<\/div>\n","protected":false},"excerpt":{"rendered":"","protected":false},"author":1,"featured_media":0,"parent":0,"menu_order":0,"comment_status":"closed","ping_status":"closed","template":"","meta":{"site-sidebar-layout":"default","site-content-layout":"","ast-site-content-layout":"","site-content-style":"default","site-sidebar-style":"default","ast-global-header-display":"","ast-banner-title-visibility":"","ast-main-header-display":"","ast-hfb-above-header-display":"","ast-hfb-below-header-display":"","ast-hfb-mobile-header-display":"","site-post-title":"","ast-breadcrumbs-content":"","ast-featured-img":"","footer-sml-layout":"","theme-transparent-header-meta":"","adv-header-id-meta":"","stick-header-meta":"","header-above-stick-meta":"","header-main-stick-meta":"","header-below-stick-meta":"","astra-migrate-meta-layouts":"default","ast-page-background-enabled":"default","ast-page-background-meta":{"desktop":{"background-color":"var(--ast-global-color-4)","background-image":"","background-repeat":"repeat","background-position":"center center","background-size":"auto","background-attachment":"scroll","background-type":"","background-media":"","overlay-type":"","overlay-color":"","overlay-opacity":"","overlay-gradient":""},"tablet":{"background-color":"","background-image":"","background-repeat":"repeat","background-position":"center center","background-size":"auto","background-attachment":"scroll","background-type":"","background-media":"","overlay-type":"","overlay-color":"","overlay-opacity":"","overlay-gradient":""},"mobile":{"background-color":"","background-image":"","background-repeat":"repeat","background-position":"center center","background-size":"auto","background-attachment":"scroll","background-type":"","background-media":"","overlay-type":"","overlay-color":"","overlay-opacity":"","overlay-gradient":""}},"ast-content-background-meta":{"desktop":{"background-color":"var(--ast-global-color-5)","background-image":"","background-repeat":"repeat","background-position":"center center","background-size":"auto","background-attachment":"scroll","background-type":"","background-media":"","overlay-type":"","overlay-color":"","overlay-opacity":"","overlay-gradient":""},"tablet":{"background-color":"var(--ast-global-color-5)","background-image":"","background-repeat":"repeat","background-position":"center center","background-size":"auto","background-attachment":"scroll","background-type":"","background-media":"","overlay-type":"","overlay-color":"","overlay-opacity":"","overlay-gradient":""},"mobile":{"background-color":"var(--ast-global-color-5)","background-image":"","background-repeat":"repeat","background-position":"center center","background-size":"auto","background-attachment":"scroll","background-type":"","background-media":"","overlay-type":"","overlay-color":"","overlay-opacity":"","overlay-gradient":""}},"footnotes":""},"class_list":["post-269","page","type-page","status-publish","hentry"],"_links":{"self":[{"href":"https:\/\/www.mallarach.cat\/index.php\/wp-json\/wp\/v2\/pages\/269","targetHints":{"allow":["GET"]}}],"collection":[{"href":"https:\/\/www.mallarach.cat\/index.php\/wp-json\/wp\/v2\/pages"}],"about":[{"href":"https:\/\/www.mallarach.cat\/index.php\/wp-json\/wp\/v2\/types\/page"}],"author":[{"embeddable":true,"href":"https:\/\/www.mallarach.cat\/index.php\/wp-json\/wp\/v2\/users\/1"}],"replies":[{"embeddable":true,"href":"https:\/\/www.mallarach.cat\/index.php\/wp-json\/wp\/v2\/comments?post=269"}],"version-history":[{"count":4,"href":"https:\/\/www.mallarach.cat\/index.php\/wp-json\/wp\/v2\/pages\/269\/revisions"}],"predecessor-version":[{"id":276,"href":"https:\/\/www.mallarach.cat\/index.php\/wp-json\/wp\/v2\/pages\/269\/revisions\/276"}],"wp:attachment":[{"href":"https:\/\/www.mallarach.cat\/index.php\/wp-json\/wp\/v2\/media?parent=269"}],"curies":[{"name":"wp","href":"https:\/\/api.w.org\/{rel}","templated":true}]}}