{"id":146,"date":"2024-05-17T08:18:31","date_gmt":"2024-05-17T08:18:31","guid":{"rendered":"https:\/\/www.mallarach.cat\/index.php\/about-us\/"},"modified":"2024-12-25T18:55:20","modified_gmt":"2024-12-25T18:55:20","slug":"about-us","status":"publish","type":"page","link":"https:\/\/www.mallarach.cat\/","title":{"rendered":"About Us"},"content":{"rendered":"\t\t<div data-elementor-type=\"wp-page\" data-elementor-id=\"146\" class=\"elementor elementor-146\">\n\t\t\t\t<div class=\"elementor-element elementor-element-7fa2dc55 e-con-full e-flex e-con e-parent\" data-id=\"7fa2dc55\" data-element_type=\"container\">\n\t\t<div class=\"elementor-element elementor-element-11b0f0ce e-con-full e-flex e-con e-child\" data-id=\"11b0f0ce\" data-element_type=\"container\">\n\t\t<div class=\"elementor-element elementor-element-fec1e48 e-con-full e-flex e-con e-child\" data-id=\"fec1e48\" data-element_type=\"container\">\n\t\t\t\t<div class=\"elementor-element elementor-element-365af02e elementor-widget__width-initial elementor-invisible elementor-widget elementor-widget-text-editor\" data-id=\"365af02e\" data-element_type=\"widget\" data-settings=\"{&quot;_animation&quot;:&quot;fadeInDown&quot;}\" data-widget_type=\"text-editor.default\">\n\t\t\t\t<div class=\"elementor-widget-container\">\n\t\t\t<style>\/*! elementor - v3.21.0 - 08-05-2024 *\/\n.elementor-widget-text-editor.elementor-drop-cap-view-stacked .elementor-drop-cap{background-color:#69727d;color:#fff}.elementor-widget-text-editor.elementor-drop-cap-view-framed .elementor-drop-cap{color:#69727d;border:3px solid;background-color:transparent}.elementor-widget-text-editor:not(.elementor-drop-cap-view-default) .elementor-drop-cap{margin-top:8px}.elementor-widget-text-editor:not(.elementor-drop-cap-view-default) .elementor-drop-cap-letter{width:1em;height:1em}.elementor-widget-text-editor .elementor-drop-cap{float:left;text-align:center;line-height:1;font-size:50px}.elementor-widget-text-editor .elementor-drop-cap-letter{display:inline-block}<\/style>\t\t\t\t<p>Enamorat de la natura, amb vocaci\u00f3 de protegir-la, em vaig llicenciar en geologia quan encara no existien les ci\u00e8ncies ambientals. Vaig fer un m\u00e0ster en ci\u00e8ncies ambientals als Estats Units d\u2019Am\u00e8rica i un doctorat en biologia ambiental, on examinava la import\u00e0ncia que els valors culturals i espirituals han tingut en la conservaci\u00f3 d\u2019espais naturals protegits d\u2019Europa.<br \/>Soc membre de la Comissi\u00f3 Mundial d\u2019\u00c0rees Protegides i de Pol\u00edtiques Ambientals de la UICN des de 2003 i coordino l\u2019Associaci\u00f3 Silene des de 2010.<\/p>\t\t\t\t\t\t<\/div>\n\t\t\t\t<\/div>\n\t\t\t\t<div class=\"elementor-element elementor-element-ad49e4d elementor-widget elementor-widget-heading\" data-id=\"ad49e4d\" data-element_type=\"widget\" data-widget_type=\"heading.default\">\n\t\t\t\t<div class=\"elementor-widget-container\">\n\t\t\t<style>\/*! elementor - v3.21.0 - 08-05-2024 *\/\n.elementor-heading-title{padding:0;margin:0;line-height:1}.elementor-widget-heading .elementor-heading-title[class*=elementor-size-]>a{color:inherit;font-size:inherit;line-height:inherit}.elementor-widget-heading .elementor-heading-title.elementor-size-small{font-size:15px}.elementor-widget-heading .elementor-heading-title.elementor-size-medium{font-size:19px}.elementor-widget-heading .elementor-heading-title.elementor-size-large{font-size:29px}.elementor-widget-heading .elementor-heading-title.elementor-size-xl{font-size:39px}.elementor-widget-heading .elementor-heading-title.elementor-size-xxl{font-size:59px}<\/style><h1 class=\"elementor-heading-title elementor-size-default\">Josep Maria Mallarach Carrera\n<\/h1>\t\t<\/div>\n\t\t\t\t<\/div>\n\t\t\t\t<div class=\"elementor-element elementor-element-51485c0 elementor-widget__width-initial elementor-invisible elementor-widget elementor-widget-text-editor\" data-id=\"51485c0\" data-element_type=\"widget\" data-settings=\"{&quot;_animation&quot;:&quot;fadeInDown&quot;}\" data-widget_type=\"text-editor.default\">\n\t\t\t\t<div class=\"elementor-widget-container\">\n\t\t\t\t\t\t\t<p>En aquest blog podreu trobar acc\u00e9s a l\u2019agenda d\u2019actes p\u00fablics en els quals participo, confer\u00e8ncies en l\u00ednia, entrevistes i un recull de publicacions en catal\u00e0, castell\u00e0 i angl\u00e8s, que consta de llibres, cap\u00edtols de llibres, articles i enfilalls de twitter.<\/p><p>Els temes giren entorn dels reptes de la conservaci\u00f3 de la natura i el paisatge, el patrimoni natural i cultural, els espais naturals sagrats, i l\u2019espiritualitat de la natura, sigui amb perspectiva global, europea, nacional o local.<\/p><p>Esperem que us sigui \u00fatil!<\/p>\t\t\t\t\t\t<\/div>\n\t\t\t\t<\/div>\n\t\t<div class=\"elementor-element elementor-element-425aece2 e-con-full e-flex e-con e-child\" data-id=\"425aece2\" data-element_type=\"container\">\n\t\t\t\t<div class=\"elementor-element elementor-element-544b3c2 elementor-widget elementor-widget-wp-widget-recent-posts\" data-id=\"544b3c2\" data-element_type=\"widget\" data-widget_type=\"wp-widget-recent-posts.default\">\n\t\t\t\t<div class=\"elementor-widget-container\">\n\t\t\t\n\t\t\n\t\t<h5>Entrades recents<\/h5><nav aria-label=\"Entrades recents\">\n\t\t<ul>\n\t\t\t\t\t\t\t\t\t\t\t<li>\n\t\t\t\t\t<a href=\"https:\/\/www.mallarach.cat\/index.php\/2026\/04\/03\/espais-naturals-sagrats-custodia-monastica-el-cas-de-lantiga-cartoixa-descaladei-i-montsant\/\">Espais naturals sagrats &#8211; Cust\u00f2dia mon\u00e0stica: el cas de l&#8217;antiga cartoixa d&#8217;Escaladei i Montsant<\/a>\n\t\t\t\t\t\t\t\t\t\t\t<span class=\"post-date\">abril 3, 2026<\/span>\n\t\t\t\t\t\t\t\t\t<\/li>\n\t\t\t\t\t\t\t\t\t\t\t<li>\n\t\t\t\t\t<a href=\"https:\/\/www.mallarach.cat\/index.php\/2026\/03\/27\/parques-nacionales-versus-reservas-indigenas-en-los-estados-unidos-de-america-un-modelo-en-cuestion-2\/\">Parques nacionales versus reservas ind\u00edgenas en los Estados Unidos de Am\u00e9rica: Un modelo en cuesti\u00f3n<\/a>\n\t\t\t\t\t\t\t\t\t\t\t<span class=\"post-date\">mar\u00e7 27, 2026<\/span>\n\t\t\t\t\t\t\t\t\t<\/li>\n\t\t\t\t\t\t\t\t\t\t\t<li>\n\t\t\t\t\t<a href=\"https:\/\/www.mallarach.cat\/index.php\/2026\/03\/27\/les-reserves-indies-als-estats-units-damerica-entre-la-vergonya-i-lesperanca\/\">Les reserves \u00edndies als Estats Units d&#8217;Am\u00e8rica: entre la vergonya i l&#8217;esperan\u00e7a<\/a>\n\t\t\t\t\t\t\t\t\t\t\t<span class=\"post-date\">mar\u00e7 27, 2026<\/span>\n\t\t\t\t\t\t\t\t\t<\/li>\n\t\t\t\t\t\t\t\t\t\t\t<li>\n\t\t\t\t\t<a href=\"https:\/\/www.mallarach.cat\/index.php\/2026\/03\/13\/conservar-la-salut-i-la-bellesa-dels-paisatges-de-muntanya-mitjana-reptes-i-oportunitats\/\">Conservar la salut i la bellesa dels paisatges de muntanya mitjana: reptes i oportunitats<\/a>\n\t\t\t\t\t\t\t\t\t\t\t<span class=\"post-date\">mar\u00e7 13, 2026<\/span>\n\t\t\t\t\t\t\t\t\t<\/li>\n\t\t\t\t\t\t\t\t\t\t\t<li>\n\t\t\t\t\t<a href=\"https:\/\/www.mallarach.cat\/index.php\/2026\/03\/03\/ciutats-salut-i-natura-una-visio-salutogenica\/\">Ciutats, salut i natura: una visi\u00f3 salutog\u00e8nica<\/a>\n\t\t\t\t\t\t\t\t\t\t\t<span class=\"post-date\">mar\u00e7 3, 2026<\/span>\n\t\t\t\t\t\t\t\t\t<\/li>\n\t\t\t\t\t<\/ul>\n\n\t\t<\/nav>\t\t<\/div>\n\t\t\t\t<\/div>\n\t\t\t\t<\/div>\n\t\t\t\t<\/div>\n\t\t\t\t<\/div>\n\t\t<div class=\"elementor-element elementor-element-6f9efb58 e-con-full e-flex e-con e-child\" data-id=\"6f9efb58\" data-element_type=\"container\" data-settings=\"{&quot;background_background&quot;:&quot;classic&quot;}\">\n\t\t\t\t<\/div>\n\t\t\t\t<\/div>\n\t\t<div class=\"elementor-element elementor-element-56d7357 e-flex e-con-boxed e-con e-parent\" data-id=\"56d7357\" data-element_type=\"container\">\n\t\t\t\t\t<div class=\"e-con-inner\">\n\t\t\t\t<div class=\"elementor-element elementor-element-bcac81d elementor-invisible elementor-widget elementor-widget-heading\" data-id=\"bcac81d\" data-element_type=\"widget\" data-settings=\"{&quot;_animation&quot;:&quot;fadeInUp&quot;}\" data-widget_type=\"heading.default\">\n\t\t\t\t<div class=\"elementor-widget-container\">\n\t\t\t<span class=\"elementor-heading-title elementor-size-default\">patrimoni   natural \/ Paisatge <\/span>\t\t<\/div>\n\t\t\t\t<\/div>\n\t\t\t\t\t<\/div>\n\t\t\t\t<\/div>\n\t\t<div class=\"elementor-element elementor-element-2cb2535d e-con-full e-flex e-con e-parent\" data-id=\"2cb2535d\" data-element_type=\"container\">\n\t\t<div class=\"elementor-element elementor-element-69060af5 e-con-full e-flex e-con e-child\" data-id=\"69060af5\" data-element_type=\"container\" data-settings=\"{&quot;background_background&quot;:&quot;classic&quot;}\">\n\t\t\t\t<\/div>\n\t\t<div class=\"elementor-element elementor-element-5630a2a7 e-con-full e-flex e-con e-child\" data-id=\"5630a2a7\" data-element_type=\"container\">\n\t\t\t\t<div class=\"elementor-element elementor-element-368e45ab elementor-widget elementor-widget-heading\" data-id=\"368e45ab\" data-element_type=\"widget\" data-widget_type=\"heading.default\">\n\t\t\t\t<div class=\"elementor-widget-container\">\n\t\t\t<h2 class=\"elementor-heading-title elementor-size-default\">Una profunda estima per la natura<\/h2>\t\t<\/div>\n\t\t\t\t<\/div>\n\t\t\t\t<div class=\"elementor-element elementor-element-44ce72b9 elementor-widget elementor-widget-text-editor\" data-id=\"44ce72b9\" data-element_type=\"widget\" data-widget_type=\"text-editor.default\">\n\t\t\t\t<div class=\"elementor-widget-container\">\n\t\t\t\t\t\t\t<p>Els primers 14 anys de la meva vida professional els vaig dedicar a la comarca on havia nascut, de la Garrotxa. Entre 1978-84, en treballs orientats a la conservaci\u00f3 del patrimoni geol\u00f2gic, sobretot el volc\u00e0nic, i a cartografiar i valorar riscos naturals, vinculats al planejaments urban\u00edstics i territorials. Des de 1985 fins al 1991, com a primer director de l\u2019equip gestor del Parc Natural de la Zona Volc\u00e0nica de la Garrotxa, que s\u2019acabava de crear.<\/p><p>Des del 1991 a 1998 vaig treballar als E.U.A., vinculat amb organismes acad\u00e8mics, com la Indiana University School of Public and Environmental Affairs; governamentals, com el US Fish &amp; Wildlife Service; i grans ONG conservacionistes, com The Nature Conservancy, en projectes de recerca aplicada que em van permetre ampliar i aprofundir les perspectives de les pol\u00edtiques de conservaci\u00f3 de la natura. A m\u00e9s, vaig tenir el privilegi de con\u00e8ixer algunes tradicions ind\u00edgenes que m\u2019havien atret des de l\u2019adolesc\u00e8ncia<\/p><p>El 1999 vaig tornar a la Garrotxa, on vaig treballar a la Fundaci\u00f3 d\u2019Estudis Superiors d\u2019Olot, coordinant les activitats formatives de medi ambient. A partir del 2002 em vaig vincular a les comissions de pol\u00edtiques ambientals i d\u2019espais naturals protegits de la UICN, sobretot en grups de treball dedicats als valors culturals i espirituals i l\u2019avaluaci\u00f3 de l\u2019efectivitat dels espais naturals protegits i conservats, aix\u00ed com als espais naturals sagrats. Aix\u00f2 em va dur a fer molts de viatges i treballs d\u2019\u00e0mbit internacional mentre seguia treballant com a consultor independent, en tasques d\u2019\u00e0mbit nacional, regional i local, amb l\u2019inter\u00e8s de mantenir la visi\u00f3 multiescalar i transdisciplin\u00e0ria.<\/p>\t\t\t\t\t\t<\/div>\n\t\t\t\t<\/div>\n\t\t\t\t<\/div>\n\t\t\t\t<\/div>\n\t\t<div class=\"elementor-element elementor-element-705d55e e-flex e-con-boxed e-con e-parent\" data-id=\"705d55e\" data-element_type=\"container\">\n\t\t\t\t\t<div class=\"e-con-inner\">\n\t\t\t\t<div class=\"elementor-element elementor-element-0f5fac1 elementor-invisible elementor-widget elementor-widget-heading\" data-id=\"0f5fac1\" data-element_type=\"widget\" data-settings=\"{&quot;_animation&quot;:&quot;fadeInUp&quot;}\" data-widget_type=\"heading.default\">\n\t\t\t\t<div class=\"elementor-widget-container\">\n\t\t\t<span class=\"elementor-heading-title elementor-size-default\">Conservaci\u00f3 \/ Espiritualitat <\/span>\t\t<\/div>\n\t\t\t\t<\/div>\n\t\t\t\t\t<\/div>\n\t\t\t\t<\/div>\n\t\t<div class=\"elementor-element elementor-element-395c9c0a e-flex e-con-boxed e-con e-parent\" data-id=\"395c9c0a\" data-element_type=\"container\">\n\t\t\t\t\t<div class=\"e-con-inner\">\n\t\t\t\t<div class=\"elementor-element elementor-element-545e630 elementor-widget-divider--view-line elementor-widget elementor-widget-divider\" data-id=\"545e630\" data-element_type=\"widget\" data-widget_type=\"divider.default\">\n\t\t\t\t<div class=\"elementor-widget-container\">\n\t\t\t<style>\/*! elementor - v3.21.0 - 08-05-2024 *\/\n.elementor-widget-divider{--divider-border-style:none;--divider-border-width:1px;--divider-color:#0c0d0e;--divider-icon-size:20px;--divider-element-spacing:10px;--divider-pattern-height:24px;--divider-pattern-size:20px;--divider-pattern-url:none;--divider-pattern-repeat:repeat-x}.elementor-widget-divider .elementor-divider{display:flex}.elementor-widget-divider .elementor-divider__text{font-size:15px;line-height:1;max-width:95%}.elementor-widget-divider .elementor-divider__element{margin:0 var(--divider-element-spacing);flex-shrink:0}.elementor-widget-divider .elementor-icon{font-size:var(--divider-icon-size)}.elementor-widget-divider .elementor-divider-separator{display:flex;margin:0;direction:ltr}.elementor-widget-divider--view-line_icon .elementor-divider-separator,.elementor-widget-divider--view-line_text .elementor-divider-separator{align-items:center}.elementor-widget-divider--view-line_icon .elementor-divider-separator:after,.elementor-widget-divider--view-line_icon .elementor-divider-separator:before,.elementor-widget-divider--view-line_text .elementor-divider-separator:after,.elementor-widget-divider--view-line_text .elementor-divider-separator:before{display:block;content:\"\";border-block-end:0;flex-grow:1;border-block-start:var(--divider-border-width) var(--divider-border-style) var(--divider-color)}.elementor-widget-divider--element-align-left .elementor-divider .elementor-divider-separator>.elementor-divider__svg:first-of-type{flex-grow:0;flex-shrink:100}.elementor-widget-divider--element-align-left .elementor-divider-separator:before{content:none}.elementor-widget-divider--element-align-left .elementor-divider__element{margin-left:0}.elementor-widget-divider--element-align-right .elementor-divider .elementor-divider-separator>.elementor-divider__svg:last-of-type{flex-grow:0;flex-shrink:100}.elementor-widget-divider--element-align-right .elementor-divider-separator:after{content:none}.elementor-widget-divider--element-align-right .elementor-divider__element{margin-right:0}.elementor-widget-divider--element-align-start .elementor-divider .elementor-divider-separator>.elementor-divider__svg:first-of-type{flex-grow:0;flex-shrink:100}.elementor-widget-divider--element-align-start .elementor-divider-separator:before{content:none}.elementor-widget-divider--element-align-start .elementor-divider__element{margin-inline-start:0}.elementor-widget-divider--element-align-end .elementor-divider .elementor-divider-separator>.elementor-divider__svg:last-of-type{flex-grow:0;flex-shrink:100}.elementor-widget-divider--element-align-end .elementor-divider-separator:after{content:none}.elementor-widget-divider--element-align-end .elementor-divider__element{margin-inline-end:0}.elementor-widget-divider:not(.elementor-widget-divider--view-line_text):not(.elementor-widget-divider--view-line_icon) .elementor-divider-separator{border-block-start:var(--divider-border-width) var(--divider-border-style) var(--divider-color)}.elementor-widget-divider--separator-type-pattern{--divider-border-style:none}.elementor-widget-divider--separator-type-pattern.elementor-widget-divider--view-line .elementor-divider-separator,.elementor-widget-divider--separator-type-pattern:not(.elementor-widget-divider--view-line) .elementor-divider-separator:after,.elementor-widget-divider--separator-type-pattern:not(.elementor-widget-divider--view-line) .elementor-divider-separator:before,.elementor-widget-divider--separator-type-pattern:not([class*=elementor-widget-divider--view]) .elementor-divider-separator{width:100%;min-height:var(--divider-pattern-height);-webkit-mask-size:var(--divider-pattern-size) 100%;mask-size:var(--divider-pattern-size) 100%;-webkit-mask-repeat:var(--divider-pattern-repeat);mask-repeat:var(--divider-pattern-repeat);background-color:var(--divider-color);-webkit-mask-image:var(--divider-pattern-url);mask-image:var(--divider-pattern-url)}.elementor-widget-divider--no-spacing{--divider-pattern-size:auto}.elementor-widget-divider--bg-round{--divider-pattern-repeat:round}.rtl .elementor-widget-divider .elementor-divider__text{direction:rtl}.e-con-inner>.elementor-widget-divider,.e-con>.elementor-widget-divider{width:var(--container-widget-width,100%);--flex-grow:var(--container-widget-flex-grow)}<\/style>\t\t<div class=\"elementor-divider\">\n\t\t\t<span class=\"elementor-divider-separator\">\n\t\t\t\t\t\t<\/span>\n\t\t<\/div>\n\t\t\t\t<\/div>\n\t\t\t\t<\/div>\n\t\t\t\t<div class=\"elementor-element elementor-element-47b9c137 elementor-widget elementor-widget-heading\" data-id=\"47b9c137\" data-element_type=\"widget\" data-widget_type=\"heading.default\">\n\t\t\t\t<div class=\"elementor-widget-container\">\n\t\t\t<h2 class=\"elementor-heading-title elementor-size-default\">Doc\u00e8ncia<\/h2>\t\t<\/div>\n\t\t\t\t<\/div>\n\t\t\t\t<div class=\"elementor-element elementor-element-5ec1d93d elementor-widget__width-inherit elementor-invisible elementor-widget elementor-widget-text-editor\" data-id=\"5ec1d93d\" data-element_type=\"widget\" data-settings=\"{&quot;_animation&quot;:&quot;fadeIn&quot;}\" data-widget_type=\"text-editor.default\">\n\t\t\t\t<div class=\"elementor-widget-container\">\n\t\t\t\t\t\t\t<p>Des de l\u2019any 1981 he impartit cursos, assignatures, classes, tallers o seminaris en nombroses universitats de Catalunya, Madrid, Navarra, Andorra i el Pa\u00eds Valenci\u00e0. M\u00e9s espor\u00e0dicament, tamb\u00e9 he estat docent d&#8217;universitats del Pa\u00eds Bac i d\u2019Andalusia i de l\u2019estranger: Anglaterra, Col\u00f2mbia, Estats Units d\u2019Am\u00e8rica, Fran\u00e7a, It\u00e0lia, etc.<\/p><p>Fora de l\u2019\u00e0mbit universitari, he fet de docent en llocs molt diversos: escoles i col\u00b7legis professionals, monestirs, cases d&#8217;espiritualitat, a m\u00e9s d\u2019un ampli ventall de centres culturals, ateneus, biblioteques, etc.<\/p><p>Les classes que m\u00e9s anys he impartit han estat a nivell de m\u00e0sters universitaris, entorn de l\u2019avaluaci\u00f3 de l\u2019efectivitat dels espais naturals protegits, l\u2019avaluaci\u00f3 de pol\u00edtiques ambientals, les pol\u00edtiques de conservaci\u00f3 de la natura, el patrimoni immaterial de la natura i del paisatge, i els valors culturals i espirituals de la natura en general i dels boscos en particular.<\/p>\t\t\t\t\t\t<\/div>\n\t\t\t\t<\/div>\n\t\t\t\t\t<\/div>\n\t\t\t\t<\/div>\n\t\t\t\t<\/div>\n\t\t","protected":false},"excerpt":{"rendered":"<p>Enamorat de la natura, amb vocaci\u00f3 de protegir-la, em vaig llicenciar en geologia quan encara no existien les ci\u00e8ncies ambientals. [&hellip;]<\/p>\n","protected":false},"author":1,"featured_media":0,"parent":0,"menu_order":0,"comment_status":"closed","ping_status":"closed","template":"elementor_header_footer","meta":{"site-sidebar-layout":"default","site-content-layout":"","ast-site-content-layout":"","site-content-style":"default","site-sidebar-style":"default","ast-global-header-display":"","ast-banner-title-visibility":"","ast-main-header-display":"","ast-hfb-above-header-display":"","ast-hfb-below-header-display":"","ast-hfb-mobile-header-display":"","site-post-title":"","ast-breadcrumbs-content":"","ast-featured-img":"","footer-sml-layout":"","theme-transparent-header-meta":"","adv-header-id-meta":"","stick-header-meta":"","header-above-stick-meta":"","header-main-stick-meta":"","header-below-stick-meta":"","astra-migrate-meta-layouts":"default","ast-page-background-enabled":"default","ast-page-background-meta":{"desktop":{"background-color":"var(--ast-global-color-4)","background-image":"","background-repeat":"repeat","background-position":"center center","background-size":"auto","background-attachment":"scroll","background-type":"","background-media":"","overlay-type":"","overlay-color":"","overlay-opacity":"","overlay-gradient":""},"tablet":{"background-color":"","background-image":"","background-repeat":"repeat","background-position":"center center","background-size":"auto","background-attachment":"scroll","background-type":"","background-media":"","overlay-type":"","overlay-color":"","overlay-opacity":"","overlay-gradient":""},"mobile":{"background-color":"","background-image":"","background-repeat":"repeat","background-position":"center center","background-size":"auto","background-attachment":"scroll","background-type":"","background-media":"","overlay-type":"","overlay-color":"","overlay-opacity":"","overlay-gradient":""}},"ast-content-background-meta":{"desktop":{"background-color":"var(--ast-global-color-5)","background-image":"","background-repeat":"repeat","background-position":"center center","background-size":"auto","background-attachment":"scroll","background-type":"","background-media":"","overlay-type":"","overlay-color":"","overlay-opacity":"","overlay-gradient":""},"tablet":{"background-color":"var(--ast-global-color-5)","background-image":"","background-repeat":"repeat","background-position":"center center","background-size":"auto","background-attachment":"scroll","background-type":"","background-media":"","overlay-type":"","overlay-color":"","overlay-opacity":"","overlay-gradient":""},"mobile":{"background-color":"var(--ast-global-color-5)","background-image":"","background-repeat":"repeat","background-position":"center center","background-size":"auto","background-attachment":"scroll","background-type":"","background-media":"","overlay-type":"","overlay-color":"","overlay-opacity":"","overlay-gradient":""}},"footnotes":""},"class_list":["post-146","page","type-page","status-publish","hentry"],"_links":{"self":[{"href":"https:\/\/www.mallarach.cat\/index.php\/wp-json\/wp\/v2\/pages\/146","targetHints":{"allow":["GET"]}}],"collection":[{"href":"https:\/\/www.mallarach.cat\/index.php\/wp-json\/wp\/v2\/pages"}],"about":[{"href":"https:\/\/www.mallarach.cat\/index.php\/wp-json\/wp\/v2\/types\/page"}],"author":[{"embeddable":true,"href":"https:\/\/www.mallarach.cat\/index.php\/wp-json\/wp\/v2\/users\/1"}],"replies":[{"embeddable":true,"href":"https:\/\/www.mallarach.cat\/index.php\/wp-json\/wp\/v2\/comments?post=146"}],"version-history":[{"count":79,"href":"https:\/\/www.mallarach.cat\/index.php\/wp-json\/wp\/v2\/pages\/146\/revisions"}],"predecessor-version":[{"id":1502,"href":"https:\/\/www.mallarach.cat\/index.php\/wp-json\/wp\/v2\/pages\/146\/revisions\/1502"}],"wp:attachment":[{"href":"https:\/\/www.mallarach.cat\/index.php\/wp-json\/wp\/v2\/media?parent=146"}],"curies":[{"name":"wp","href":"https:\/\/api.w.org\/{rel}","templated":true}]}}